{"id":9,"date":"2022-03-23T13:08:39","date_gmt":"2022-03-23T13:08:39","guid":{"rendered":"https:\/\/derzelius.ro\/?page_id=9"},"modified":"2022-03-31T18:45:26","modified_gmt":"2022-03-31T18:45:26","slug":"contact","status":"publish","type":"page","link":"https:\/\/derzelius.ro\/?page_id=9","title":{"rendered":"Contact"},"content":{"rendered":"\n<div class=\"wp-block-image\"><figure class=\"aligncenter\"><img loading=\"lazy\" width=\"1024\" height=\"703\" src=\"https:\/\/derzelius.ro\/wp-content\/uploads\/2022\/03\/derzelius-1024x703.jpg\" alt=\"\" class=\"wp-image-69\" srcset=\"https:\/\/derzelius.ro\/wp-content\/uploads\/2022\/03\/derzelius-1024x703.jpg 1024w, https:\/\/derzelius.ro\/wp-content\/uploads\/2022\/03\/derzelius-300x206.jpg 300w, https:\/\/derzelius.ro\/wp-content\/uploads\/2022\/03\/derzelius-768x527.jpg 768w, https:\/\/derzelius.ro\/wp-content\/uploads\/2022\/03\/derzelius.jpg 1053w\" sizes=\"(max-width: 1024px) 100vw, 1024px\" \/><\/figure><\/div>\n\n\n\n<p>Sunte\u021bi gata pentru a beneficia de servicii medicale excep\u021bionale din partea laboratorului nostru? Sigur o s\u0103 g\u0103si\u021bi o modalitate pentru a ajunge la noi! <strong>Iat\u0103 cum pute\u021bi s\u0103 ne contacta\u021bi:<\/strong><\/p>\n\n\n\n<blockquote class=\"wp-block-quote\"><p><strong>Programul nostru este:<\/strong><\/p><p><em><strong>Recoltare\/preluare probe biologice, <\/strong><\/em><\/p><p>Luni-Duminic\u0103, orele 7:30-09:30;<\/p><p><strong><em>Informa\u021bii \u0219i rezultate,<\/em><\/strong><\/p><p>Luni-Vineri, orele 7:30-19:30  <br>S\u00e2mb\u0103t\u0103-Duminic\u0103, orele 7:30-15:30<\/p><p><strong>Pentru contactare online utilizati acest LINK.<\/strong><\/p><p><strong>Telefon<\/strong>: <a href=\"tel: 0348411519\">0348 411 519<\/a><\/p><p><strong>e-mail<\/strong>: <a href=\"mailto: office@derzelius.ro\">office@derzelius.ro<\/a><\/p><\/blockquote>\n\n\n<p><a href=\"https:\/\/www.facebook.com\/Centrul-de-Cercetare-Medicala-Derzelius-102725724622539\/\"><strong>Click aici pentru a regasi Derzelius pe Facebook<\/strong><\/a><\/p>\n\n\n<p><strong>ADRESA: <\/strong>Bulevardul Republicii 80, Pite\u0219ti 110062<\/p>\n\n\n\n<div class=\"vsg-map\"><iframe align=\"left\" width=\"500\" height=\"500\" frameborder=\"0\" scrolling=\"no\" marginheight=\"0\" marginwidth=\"0\" src=\"https:\/\/maps.google.com\/maps?&q=Bulevardul+Republicii+80%2C+Pite%C8%99ti%2C+110062&amp;cid=&amp;t=m&amp;center=Bulevardul+Republicii+80%2C+Pite%C8%99ti%2C+110062&output=embed&z=14&iwloc=A&visual_refresh=true\"><\/iframe><\/div>\n","protected":false},"excerpt":{"rendered":"<p>Sunte\u021bi gata pentru a beneficia de servicii medicale excep\u021bionale din partea laboratorului nostru? Sigur o s\u0103 g\u0103si\u021bi o modalitate pentru a ajunge la noi! Iat\u0103 cum pute\u021bi s\u0103 ne contacta\u021bi: Programul nostru este: Recoltare\/preluare probe biologice, Luni-Duminic\u0103, orele 7:30-09:30; Informa\u021bii \u0219i rezultate, Luni-Vineri, orele 7:30-19:30 S\u00e2mb\u0103t\u0103-Duminic\u0103, orele 7:30-15:30 Pentru contactare online utilizati acest LINK. Telefon: [&hellip;]<\/p>\n","protected":false},"author":1,"featured_media":0,"parent":0,"menu_order":0,"comment_status":"closed","ping_status":"closed","template":"","meta":[],"_links":{"self":[{"href":"https:\/\/derzelius.ro\/index.php?rest_route=\/wp\/v2\/pages\/9"}],"collection":[{"href":"https:\/\/derzelius.ro\/index.php?rest_route=\/wp\/v2\/pages"}],"about":[{"href":"https:\/\/derzelius.ro\/index.php?rest_route=\/wp\/v2\/types\/page"}],"author":[{"embeddable":true,"href":"https:\/\/derzelius.ro\/index.php?rest_route=\/wp\/v2\/users\/1"}],"replies":[{"embeddable":true,"href":"https:\/\/derzelius.ro\/index.php?rest_route=%2Fwp%2Fv2%2Fcomments&post=9"}],"version-history":[{"count":8,"href":"https:\/\/derzelius.ro\/index.php?rest_route=\/wp\/v2\/pages\/9\/revisions"}],"predecessor-version":[{"id":78,"href":"https:\/\/derzelius.ro\/index.php?rest_route=\/wp\/v2\/pages\/9\/revisions\/78"}],"wp:attachment":[{"href":"https:\/\/derzelius.ro\/index.php?rest_route=%2Fwp%2Fv2%2Fmedia&parent=9"}],"curies":[{"name":"wp","href":"https:\/\/api.w.org\/{rel}","templated":true}]}}